{"id":68,"date":"2015-06-01T23:37:12","date_gmt":"2015-06-01T23:37:12","guid":{"rendered":"http:\/\/tester.colegiovillanonguen.cl\/?page_id=68"},"modified":"2015-10-16T15:35:42","modified_gmt":"2015-10-16T15:35:42","slug":"cra","status":"publish","type":"page","link":"https:\/\/www.colegiovillanonguen.cl\/index.php\/cra\/","title":{"rendered":"CRA"},"content":{"rendered":"<p>Nuestra instituci\u00f3n cuenta con un Centro de Recursos para el Aprendizaje (CRA) y pone a disposici\u00f3n de la comunidad todos los recursos que en \u00e9l se encuentran.<\/p>\n<p>El horario de atenci\u00f3n del CRA es de lunes a viernes, desde las 8:00 a 18:00 h<\/p>\n<p>Pronto podr\u00e1n acceder a la consulta en l\u00ednea de los textos disponibles.<\/p>\n","protected":false},"excerpt":{"rendered":"<p>Nuestra instituci\u00f3n cuenta con un Centro de Recursos para el Aprendizaje (CRA) y pone a disposici\u00f3n de la comunidad todos los recursos que en \u00e9l se encuentran. El horario de atenci\u00f3n del CRA es de lunes a viernes, desde las 8:00 a 18:00 h Pronto podr\u00e1n acceder a la consulta en l\u00ednea de los textos [&hellip;]<\/p>\n","protected":false},"author":1,"featured_media":0,"parent":0,"menu_order":0,"comment_status":"closed","ping_status":"closed","template":"","meta":{"footnotes":""},"class_list":["post-68","page","type-page","status-publish","hentry"],"_links":{"self":[{"href":"https:\/\/www.colegiovillanonguen.cl\/index.php\/wp-json\/wp\/v2\/pages\/68","targetHints":{"allow":["GET"]}}],"collection":[{"href":"https:\/\/www.colegiovillanonguen.cl\/index.php\/wp-json\/wp\/v2\/pages"}],"about":[{"href":"https:\/\/www.colegiovillanonguen.cl\/index.php\/wp-json\/wp\/v2\/types\/page"}],"author":[{"embeddable":true,"href":"https:\/\/www.colegiovillanonguen.cl\/index.php\/wp-json\/wp\/v2\/users\/1"}],"replies":[{"embeddable":true,"href":"https:\/\/www.colegiovillanonguen.cl\/index.php\/wp-json\/wp\/v2\/comments?post=68"}],"version-history":[{"count":3,"href":"https:\/\/www.colegiovillanonguen.cl\/index.php\/wp-json\/wp\/v2\/pages\/68\/revisions"}],"predecessor-version":[{"id":464,"href":"https:\/\/www.colegiovillanonguen.cl\/index.php\/wp-json\/wp\/v2\/pages\/68\/revisions\/464"}],"wp:attachment":[{"href":"https:\/\/www.colegiovillanonguen.cl\/index.php\/wp-json\/wp\/v2\/media?parent=68"}],"curies":[{"name":"wp","href":"https:\/\/api.w.org\/{rel}","templated":true}]}}