{"id":246,"date":"2015-08-13T19:06:35","date_gmt":"2015-08-13T19:06:35","guid":{"rendered":"http:\/\/tester.colegiovillanonguen.cl\/?page_id=246"},"modified":"2015-08-14T16:15:56","modified_gmt":"2015-08-14T16:15:56","slug":"actividades-curriculares-de-libre-eleccion","status":"publish","type":"page","link":"https:\/\/www.colegiovillanonguen.cl\/index.php\/actividades-curriculares-de-libre-eleccion\/","title":{"rendered":"Actividades curriculares de libre elecci\u00f3n"},"content":{"rendered":"<p style=\"text-align: right;\">\u201cLa educaci\u00f3n extraescolar y actividades de la juventud, debe tener como fin \u00faltimo la integraci\u00f3n activa, creadora y transformadora de los j\u00f3venes y de la juventud a la vida de la sociedad, integraci\u00f3n que se entiende como su participaci\u00f3n consciente y original en una sociedad en permanente transformaci\u00f3n, tanto como hombre, como ciudadano y como trabajador.\u201d (Perrot, E., 1969)<\/p>\n<p>&nbsp;<\/p>\n<p style=\"text-align: justify;\">Es as\u00ed, como el Colegio Villa Nongu\u00e9n, concibe como una funci\u00f3n fundamental y prioritaria la promoci\u00f3n de actividades f\u00edsicas, art\u00edsticas y culturales para toda la comunidad educativa, a trav\u00e9s de diversos e interesantes talleres, los cuales buscan complementar y enriquecer la formaci\u00f3n acad\u00e9mica y val\u00f3rica de nuestros estudiantes, tomando como referente nuestro Proyecto Educativo Institucional, las caracter\u00edsticas e intereses de nuestra comunidad.<\/p>\n<p style=\"text-align: justify;\">\n","protected":false},"excerpt":{"rendered":"<p>\u201cLa educaci\u00f3n extraescolar y actividades de la juventud, debe tener como fin \u00faltimo la integraci\u00f3n activa, creadora y transformadora de los j\u00f3venes y de la juventud a la vida de la sociedad, integraci\u00f3n que se entiende como su participaci\u00f3n consciente y original en una sociedad en permanente transformaci\u00f3n, tanto como hombre, como ciudadano y como [&hellip;]<\/p>\n","protected":false},"author":1,"featured_media":0,"parent":0,"menu_order":0,"comment_status":"closed","ping_status":"open","template":"","meta":{"footnotes":""},"class_list":["post-246","page","type-page","status-publish","hentry"],"_links":{"self":[{"href":"https:\/\/www.colegiovillanonguen.cl\/index.php\/wp-json\/wp\/v2\/pages\/246","targetHints":{"allow":["GET"]}}],"collection":[{"href":"https:\/\/www.colegiovillanonguen.cl\/index.php\/wp-json\/wp\/v2\/pages"}],"about":[{"href":"https:\/\/www.colegiovillanonguen.cl\/index.php\/wp-json\/wp\/v2\/types\/page"}],"author":[{"embeddable":true,"href":"https:\/\/www.colegiovillanonguen.cl\/index.php\/wp-json\/wp\/v2\/users\/1"}],"replies":[{"embeddable":true,"href":"https:\/\/www.colegiovillanonguen.cl\/index.php\/wp-json\/wp\/v2\/comments?post=246"}],"version-history":[{"count":2,"href":"https:\/\/www.colegiovillanonguen.cl\/index.php\/wp-json\/wp\/v2\/pages\/246\/revisions"}],"predecessor-version":[{"id":282,"href":"https:\/\/www.colegiovillanonguen.cl\/index.php\/wp-json\/wp\/v2\/pages\/246\/revisions\/282"}],"wp:attachment":[{"href":"https:\/\/www.colegiovillanonguen.cl\/index.php\/wp-json\/wp\/v2\/media?parent=246"}],"curies":[{"name":"wp","href":"https:\/\/api.w.org\/{rel}","templated":true}]}}