{"id":243,"date":"2015-08-13T18:20:00","date_gmt":"2015-08-13T18:20:00","guid":{"rendered":"http:\/\/tester.colegiovillanonguen.cl\/?page_id=243"},"modified":"2024-08-30T11:53:48","modified_gmt":"2024-08-30T11:53:48","slug":"centro-general-de-padres","status":"publish","type":"page","link":"https:\/\/www.colegiovillanonguen.cl\/index.php\/centro-general-de-padres\/","title":{"rendered":"Centro General de Padres y Apoderados"},"content":{"rendered":"<p>El Centro General de Padres y Apoderados (CGPA) es una organizaci\u00f3n\u00a0 de\u00a0 apoderados que representa a las familias del establecimiento ante la Rector\u00eda del Colegio.<\/p>\n<p><strong>Objetivo general: <\/strong><\/p>\n<p>Constituir un espacio que permita a padres y apoderadas conocer, vincularse, aportar y fortalecer el Proyecto Educativo del establecimiento. Ser una directiva de gran compromiso y colaboraci\u00f3n con el colegio, cooperando entre otros aspectos, con proyectos orientados a mejorar la calidad de la educaci\u00f3n y recreaci\u00f3n de nuestros educandos.<\/p>\n<p><strong>Objetivos espec\u00edficos: <\/strong><\/p>\n<ol>\n<li>Conocer, difundir, apoyar y fortalecer los lineamientos formativos pedag\u00f3gicos del Proyecto Educativo mediante la integraci\u00f3n de los padres y apoderados.<\/li>\n<li>Desarrollar actividades que permitan la integraci\u00f3n de la comunidad educativa y el acercamiento de ella a la comuna.<\/li>\n<li>Vincular estrechamente el hogar de los estudiantes con el colegio para mantener y perfeccionar los h\u00e1bitos, aptitudes, principios y valores que ense\u00f1a el colegio.<\/li>\n<li>Mantener mediante reuniones peri\u00f3dicas, un v\u00ednculo permanente con el colegio, para el cumplimiento de los objetivos del Centro de Padres.<\/li>\n<li>Mantener a los padres informados sobre los aspectos relevantes de las actividades del colegio y de diferentes eventos<\/li>\n<\/ol>\n<p>El Centro General de Padres y Apoderados, tambi\u00e9n colabora con el Colegio en algunas actividades\u00a0como:<\/p>\n<p>\u2013 Colaboraci\u00f3n econ\u00f3mica para d\u00eda de la convivencia escolar.<\/p>\n<p>&#8211; Compra de materiales deportivos o elementos que establecimiento necesite.<\/p>\n<p>&#8211; Aporte econ\u00f3mico para K\u00ednder, Octavo B\u00e1sico y Cuarto Medio.<\/p>\n<p>&#8211; Aporte para fiestas patrias.<\/p>\n<p>\u2013 Regalos de premiaci\u00f3n: Estudiante Integral, Mejor asistencia, Mejor promedio desde Prek\u00ednder a Cuarto Medio.<\/p>\n<p>\u2013 Inversi\u00f3n de mejoramiento infraestructura para los alumnos.<\/p>\n<p>\u2013 D\u00eda del Estudiante.<\/p>\n<p>Labores Solidarias a la Comunidad<\/p>\n<p>\u2013 Ayuda a familias con canasta familiar desde Prek\u00ednder a Cuarto Medio.<\/p>\n<p>\u2013 Aporte monetario a familias necesitadas.<\/p>\n<p>\u2013 Ayuda por fallecimiento de los padres, apoderados o quien tenga la tuici\u00f3n del menor.<\/p>\n<p>\u2013 Casos fortuitos (Estudio del Caso).<\/p>\n<p>La Directiva del Centro General de Padres y Apoderados est\u00e1 conformada por:<\/p>\n<div>\n<p>Presidenta: Yeny Sufray<br \/>Vicepresidenta: Claudia D\u00edaz<br \/>Secretaria:Lesly Cordones<br \/>Tesorero: Manuel Reyes<br \/>Delegada: Teresa Baeza<br \/>Delegada: Sandra Salazar<\/p>\n<div>\u00a0<\/div>\n<div>\u00a0<\/div>\n<div><span style=\"font-size: revert; color: initial;\">Coordinadora: Profesora Marisol Grand\u00f3n, <\/span><a style=\"font-size: revert;\" href=\"mailto:cpinto@colegiovillanonguen.cl\">mgrandon@colegiovillanonguen.cl<\/a><\/div>\n<\/div>\n<p>Correo Centro General de Padres y Apoderados: <a class=\"rABsFf RffVmb AL18ce\" href=\"mailto:cgpya@colegiovillanonguen.cl\" target=\"_blank\" rel=\"noopener\" aria-label=\"cgpya@colegiovillanonguen.cl Del perfil de la organizaci\u00f3n del usuario\" data-tooltip=\"Del perfil de la organizaci\u00f3n del usuario\" data-tooltip-position=\"top\">cgpya@colegiovillanonguen.cl<\/a><\/p>\n<p>\u00a0<\/p>\n<p>\u00a0<\/p>\n\n<div class=\"wp-block-image\">\n<figure class=\"aligncenter size-large is-resized\"><a href=\"https:\/\/drive.google.com\/file\/d\/1xMIhdIrHc3UH92Q-X_ONIFEjL3J7fe0Q\/view?usp=sharing\"><img loading=\"lazy\" decoding=\"async\" width=\"1024\" height=\"854\" src=\"https:\/\/www.colegiovillanonguen.cl\/wp-content\/uploads\/2024\/08\/Copia-de-Centro-de-Padres-y-Apoderados-1-1024x854.png\" alt=\"\" class=\"wp-image-3499\" style=\"width:374px;height:auto\" srcset=\"https:\/\/www.colegiovillanonguen.cl\/wp-content\/uploads\/2024\/08\/Copia-de-Centro-de-Padres-y-Apoderados-1-1024x854.png 1024w, https:\/\/www.colegiovillanonguen.cl\/wp-content\/uploads\/2024\/08\/Copia-de-Centro-de-Padres-y-Apoderados-1-300x250.png 300w, https:\/\/www.colegiovillanonguen.cl\/wp-content\/uploads\/2024\/08\/Copia-de-Centro-de-Padres-y-Apoderados-1-768x640.png 768w, https:\/\/www.colegiovillanonguen.cl\/wp-content\/uploads\/2024\/08\/Copia-de-Centro-de-Padres-y-Apoderados-1-1536x1280.png 1536w, https:\/\/www.colegiovillanonguen.cl\/wp-content\/uploads\/2024\/08\/Copia-de-Centro-de-Padres-y-Apoderados-1.png 2000w\" sizes=\"auto, (max-width: 1024px) 100vw, 1024px\" \/><\/a><\/figure>\n<\/div>","protected":false},"excerpt":{"rendered":"<p>El Centro General de Padres y Apoderados (CGPA) es una organizaci\u00f3n\u00a0 de\u00a0 apoderados que representa a las familias del establecimiento ante la Rector\u00eda del Colegio. Objetivo general: Constituir un espacio que permita a padres y apoderadas conocer, vincularse, aportar y fortalecer el Proyecto Educativo del establecimiento. Ser una directiva de gran compromiso y colaboraci\u00f3n con [&hellip;]<\/p>\n","protected":false},"author":1,"featured_media":0,"parent":0,"menu_order":0,"comment_status":"closed","ping_status":"open","template":"","meta":{"footnotes":""},"class_list":["post-243","page","type-page","status-publish","hentry"],"_links":{"self":[{"href":"https:\/\/www.colegiovillanonguen.cl\/index.php\/wp-json\/wp\/v2\/pages\/243","targetHints":{"allow":["GET"]}}],"collection":[{"href":"https:\/\/www.colegiovillanonguen.cl\/index.php\/wp-json\/wp\/v2\/pages"}],"about":[{"href":"https:\/\/www.colegiovillanonguen.cl\/index.php\/wp-json\/wp\/v2\/types\/page"}],"author":[{"embeddable":true,"href":"https:\/\/www.colegiovillanonguen.cl\/index.php\/wp-json\/wp\/v2\/users\/1"}],"replies":[{"embeddable":true,"href":"https:\/\/www.colegiovillanonguen.cl\/index.php\/wp-json\/wp\/v2\/comments?post=243"}],"version-history":[{"count":17,"href":"https:\/\/www.colegiovillanonguen.cl\/index.php\/wp-json\/wp\/v2\/pages\/243\/revisions"}],"predecessor-version":[{"id":3506,"href":"https:\/\/www.colegiovillanonguen.cl\/index.php\/wp-json\/wp\/v2\/pages\/243\/revisions\/3506"}],"wp:attachment":[{"href":"https:\/\/www.colegiovillanonguen.cl\/index.php\/wp-json\/wp\/v2\/media?parent=243"}],"curies":[{"name":"wp","href":"https:\/\/api.w.org\/{rel}","templated":true}]}}