{"id":234,"date":"2015-08-13T17:50:05","date_gmt":"2015-08-13T17:50:05","guid":{"rendered":"http:\/\/tester.colegiovillanonguen.cl\/?page_id=234"},"modified":"2023-03-14T18:36:36","modified_gmt":"2023-03-14T18:36:36","slug":"equipo-pie","status":"publish","type":"page","link":"https:\/\/www.colegiovillanonguen.cl\/index.php\/equipo-pie\/","title":{"rendered":"Equipo PIE &#8211; Funciones y Roles"},"content":{"rendered":"<p><strong>Felipe Lynch Parra<\/strong><br \/>\nFonoaudi\u00f3logo<br \/>\nCoordinador Programa de Integraci\u00f3n Escolar<br \/>\nflynch@colegiovillanonguen.cl<\/p>\n<p><strong>Marisol Grand\u00f3n Quilodr\u00e1n<\/strong><br \/>\nProfesora de Educaci\u00f3n Diferencial<br \/>\nmgrandon@colegiovillanonguen.cl<\/p>\n<p><strong>Carmen Gloria Pinto Toloza<\/strong><br \/>\nProfesora de Educaci\u00f3n Diferencial.<br \/>\ncpinto@colegiovillanonguen.cl<\/p>\n<p><strong>Mar\u00eda Betzab\u00e9 Burgos<\/strong><br \/>\nProfesora de Educaci\u00f3n.<br \/>\nmburgos@colegiovillanonguen.cl<\/p>\n<p><strong>Makarena \u00c1lvarez Conejero<\/strong><br \/>\nProfesora de Educaci\u00f3n Diferencial<br \/>\nmalvarez@colegiovillanonguen.cl<\/p>\n<p><strong>Daniela Jara Guzm\u00e1n<\/strong><br \/>\nProfesora de Educaci\u00f3n Diferencial<br \/>\ndjara@colegiovillanonguen.cl<\/p>\n<p><strong>Paz Carmona San Mart\u00edn<\/strong><br \/>\nFonoaudi\u00f3loga<br \/>\npcarmona@colegiovillanonguen.cl<\/p>\n<p><strong>Bel\u00e9n Villegas Arroyo<\/strong><br \/>\nPsic\u00f3loga<br \/>\nbvillegas@colegiovillanonguen.cl<\/p>\n<p style=\"text-align: center;\"><strong>Roles y Funciones<\/strong><\/p>\n<p><strong>Docentes Especialistas: <\/strong><\/p>\n<ol>\n<li>Encargadas de dar apoyo y atenci\u00f3n a los estudiantes en 2 instancias:<\/li>\n<\/ol>\n<ul>\n<li><em>Aula Com\u00fan<\/em>: mediante la articulaci\u00f3n y planificaci\u00f3n conjunta con el docente de Matem\u00e1tica y Lenguaje la docente realiza parte de la clase entregando los contenidos con estrategias diversas y\/o personalizadas tanto a los estudiantes pertenecientes al PIE como al resto del curso.<\/li>\n<li><em>Aula de Recursos<\/em>: intervenci\u00f3n y apoyo a los estudiantes del PIE en sus habilidades b\u00e1sicas tanto cognitivas, como pedag\u00f3gicas.<\/li>\n<\/ul>\n<ol start=\"2\">\n<li>Articulaci\u00f3n con Docentes de Aula: planificar y coordinar acciones tendientes a la realizaci\u00f3n conjunta de las distintas clases.<\/li>\n<\/ol>\n<ol start=\"3\">\n<li>Atenci\u00f3n de Apoderados: mediante reuniones grupales o citaciones individuales las docentes informan peri\u00f3dicamente del rendimiento, avances y novedades en general de los estudiantes pertenecientes al PIE.<\/li>\n<\/ol>\n<p><strong>Psic\u00f3loga:<\/strong><\/p>\n<ol>\n<li>Atenci\u00f3n de Estudiantes con Necesidades Educativas Especiales Permanentes entregando apoyo en el desarrollo de habilidades cognitivas.<\/li>\n<li>Atenci\u00f3n de Estudiantes con Necesidades Educativas Especiales Transitorias que ameriten un apoyo complementario al trabajo realizado por las Docentes Especialistas.<\/li>\n<li>Atenci\u00f3n de Apoderados: mediante entrevistas y citaciones individuales se entrega informaci\u00f3n del trabajo con los estudiantes adem\u00e1s de acompa\u00f1amiento y charlas educativas cuando es requerido.<\/li>\n<\/ol>\n<p><strong>Fonoaudi\u00f3logo:<\/strong><\/p>\n<p><strong>\u00a0<\/strong>Evaluaci\u00f3n, diagn\u00f3stico y tratamiento de estudiantes con Trastorno Espec\u00edfico de Lenguaje de Pre Kinder a Primero B\u00e1sico.<\/p>\n<ol>\n<li>Intervenci\u00f3n con Estudiantes con Dificultades relacionadas con el habla y lenguaje.<\/li>\n<\/ol>\n<p><strong>Coordinador del Programa:<\/strong><\/p>\n<ol>\n<li>Elaborar e implementar plan de acci\u00f3n anual PIE.<\/li>\n<li>Coordinar acciones entre los distintos estamentos del establecimiento.<\/li>\n<li>Supervisar que se lleven a cabo las acciones planificadas.<\/li>\n<\/ol>\n","protected":false},"excerpt":{"rendered":"<p>Felipe Lynch Parra Fonoaudi\u00f3logo Coordinador Programa de Integraci\u00f3n Escolar flynch@colegiovillanonguen.cl Marisol Grand\u00f3n Quilodr\u00e1n Profesora de Educaci\u00f3n Diferencial mgrandon@colegiovillanonguen.cl Carmen Gloria Pinto Toloza Profesora de Educaci\u00f3n Diferencial. cpinto@colegiovillanonguen.cl Mar\u00eda Betzab\u00e9 Burgos Profesora de Educaci\u00f3n. mburgos@colegiovillanonguen.cl Makarena \u00c1lvarez Conejero Profesora de Educaci\u00f3n Diferencial malvarez@colegiovillanonguen.cl Daniela Jara Guzm\u00e1n Profesora de Educaci\u00f3n Diferencial djara@colegiovillanonguen.cl Paz Carmona San Mart\u00edn Fonoaudi\u00f3loga [&hellip;]<\/p>\n","protected":false},"author":1,"featured_media":0,"parent":0,"menu_order":0,"comment_status":"closed","ping_status":"open","template":"","meta":{"footnotes":""},"class_list":["post-234","page","type-page","status-publish","hentry"],"_links":{"self":[{"href":"https:\/\/www.colegiovillanonguen.cl\/index.php\/wp-json\/wp\/v2\/pages\/234","targetHints":{"allow":["GET"]}}],"collection":[{"href":"https:\/\/www.colegiovillanonguen.cl\/index.php\/wp-json\/wp\/v2\/pages"}],"about":[{"href":"https:\/\/www.colegiovillanonguen.cl\/index.php\/wp-json\/wp\/v2\/types\/page"}],"author":[{"embeddable":true,"href":"https:\/\/www.colegiovillanonguen.cl\/index.php\/wp-json\/wp\/v2\/users\/1"}],"replies":[{"embeddable":true,"href":"https:\/\/www.colegiovillanonguen.cl\/index.php\/wp-json\/wp\/v2\/comments?post=234"}],"version-history":[{"count":5,"href":"https:\/\/www.colegiovillanonguen.cl\/index.php\/wp-json\/wp\/v2\/pages\/234\/revisions"}],"predecessor-version":[{"id":2837,"href":"https:\/\/www.colegiovillanonguen.cl\/index.php\/wp-json\/wp\/v2\/pages\/234\/revisions\/2837"}],"wp:attachment":[{"href":"https:\/\/www.colegiovillanonguen.cl\/index.php\/wp-json\/wp\/v2\/media?parent=234"}],"curies":[{"name":"wp","href":"https:\/\/api.w.org\/{rel}","templated":true}]}}