{"id":20,"date":"2015-06-01T13:18:37","date_gmt":"2015-06-01T13:18:37","guid":{"rendered":"http:\/\/tester.colegiovillanonguen.cl\/?page_id=20"},"modified":"2015-06-02T13:32:57","modified_gmt":"2015-06-02T13:32:57","slug":"mision","status":"publish","type":"page","link":"https:\/\/www.colegiovillanonguen.cl\/index.php\/mision\/","title":{"rendered":"Misi\u00f3n"},"content":{"rendered":"<p>La Fundaci\u00f3n Familia Cruz Magnani es una instituci\u00f3n de derecho privado, sin fines de lucro, constituida por un directorio cuya misi\u00f3n es sostener un establecimiento educacional particular con aporte del Estado a trav\u00e9s de una subvenci\u00f3n y que vaya en directo beneficio de ni\u00f1as y ni\u00f1os de escasos recursos, vulnerables o en riesgo social.<\/p>\n","protected":false},"excerpt":{"rendered":"<p>La Fundaci\u00f3n Familia Cruz Magnani es una instituci\u00f3n de derecho privado, sin fines de lucro, constituida por un directorio cuya misi\u00f3n es sostener un establecimiento educacional particular con aporte del Estado a trav\u00e9s de una subvenci\u00f3n y que vaya en directo beneficio de ni\u00f1as y ni\u00f1os de escasos recursos, vulnerables o en riesgo social.<\/p>\n","protected":false},"author":1,"featured_media":0,"parent":0,"menu_order":0,"comment_status":"closed","ping_status":"closed","template":"","meta":{"footnotes":""},"class_list":["post-20","page","type-page","status-publish","hentry"],"_links":{"self":[{"href":"https:\/\/www.colegiovillanonguen.cl\/index.php\/wp-json\/wp\/v2\/pages\/20","targetHints":{"allow":["GET"]}}],"collection":[{"href":"https:\/\/www.colegiovillanonguen.cl\/index.php\/wp-json\/wp\/v2\/pages"}],"about":[{"href":"https:\/\/www.colegiovillanonguen.cl\/index.php\/wp-json\/wp\/v2\/types\/page"}],"author":[{"embeddable":true,"href":"https:\/\/www.colegiovillanonguen.cl\/index.php\/wp-json\/wp\/v2\/users\/1"}],"replies":[{"embeddable":true,"href":"https:\/\/www.colegiovillanonguen.cl\/index.php\/wp-json\/wp\/v2\/comments?post=20"}],"version-history":[{"count":1,"href":"https:\/\/www.colegiovillanonguen.cl\/index.php\/wp-json\/wp\/v2\/pages\/20\/revisions"}],"predecessor-version":[{"id":21,"href":"https:\/\/www.colegiovillanonguen.cl\/index.php\/wp-json\/wp\/v2\/pages\/20\/revisions\/21"}],"wp:attachment":[{"href":"https:\/\/www.colegiovillanonguen.cl\/index.php\/wp-json\/wp\/v2\/media?parent=20"}],"curies":[{"name":"wp","href":"https:\/\/api.w.org\/{rel}","templated":true}]}}