{"id":167,"date":"2015-06-25T16:06:05","date_gmt":"2015-06-25T16:06:05","guid":{"rendered":"http:\/\/tester.colegiovillanonguen.cl\/?page_id=167"},"modified":"2025-05-22T20:21:17","modified_gmt":"2025-05-22T20:21:17","slug":"reglamento-de-evaluacion-2","status":"publish","type":"page","link":"https:\/\/www.colegiovillanonguen.cl\/index.php\/reglamento-de-evaluacion-2\/","title":{"rendered":"Reglamento de Evaluaci\u00f3n"},"content":{"rendered":"<p style=\"text-align: justify;\">Un elemento fundamental en toda instituci\u00f3n educativa es la Evaluaci\u00f3n, ya que a trav\u00e9s de ella se da cuenta del logro de aprendizajes de nuestros estudiantes y permite tener una visi\u00f3n de la calidad de ense\u00f1anza.<\/p>\n<p style=\"text-align: justify;\">Para que el proceso evaluativo sea justo, es necesario normarlo. A continuaci\u00f3n puede leer nuestro Reglamento.<\/p>\n<p style=\"text-align: justify;\">\n\n\n<center><iframe loading=\"lazy\" src=\"https:\/\/drive.google.com\/file\/d\/19KHcvsUf1IyxVbjIavkvGfaFrcTeMgFs\/preview\" width=\"640\" height=\"480\" allow=\"autoplay\"><\/iframe><\/center>\n\n\n\n<p>En caso de querer solicitar el cierre anticipado del a\u00f1o escolar, debe seguir el siguiente protocolo:<\/p>\n\n\n\n<center><iframe loading=\"lazy\" src=\"https:\/\/drive.google.com\/file\/d\/1UgHlkx3lIr9gk3MZPpEOEXy1PAyTBYIW\/preview\" width=\"640\" height=\"480\" allow=\"autoplay\"><\/iframe><\/center>\n","protected":false},"excerpt":{"rendered":"<p>Un elemento fundamental en toda instituci\u00f3n educativa es la Evaluaci\u00f3n, ya que a trav\u00e9s de ella se da cuenta del logro de aprendizajes de nuestros estudiantes y permite tener una visi\u00f3n de la calidad de ense\u00f1anza. Para que el proceso evaluativo sea justo, es necesario normarlo. A continuaci\u00f3n puede leer nuestro Reglamento. En caso de [&hellip;]<\/p>\n","protected":false},"author":1,"featured_media":0,"parent":0,"menu_order":0,"comment_status":"closed","ping_status":"closed","template":"","meta":{"footnotes":""},"class_list":["post-167","page","type-page","status-publish","hentry"],"_links":{"self":[{"href":"https:\/\/www.colegiovillanonguen.cl\/index.php\/wp-json\/wp\/v2\/pages\/167","targetHints":{"allow":["GET"]}}],"collection":[{"href":"https:\/\/www.colegiovillanonguen.cl\/index.php\/wp-json\/wp\/v2\/pages"}],"about":[{"href":"https:\/\/www.colegiovillanonguen.cl\/index.php\/wp-json\/wp\/v2\/types\/page"}],"author":[{"embeddable":true,"href":"https:\/\/www.colegiovillanonguen.cl\/index.php\/wp-json\/wp\/v2\/users\/1"}],"replies":[{"embeddable":true,"href":"https:\/\/www.colegiovillanonguen.cl\/index.php\/wp-json\/wp\/v2\/comments?post=167"}],"version-history":[{"count":28,"href":"https:\/\/www.colegiovillanonguen.cl\/index.php\/wp-json\/wp\/v2\/pages\/167\/revisions"}],"predecessor-version":[{"id":3783,"href":"https:\/\/www.colegiovillanonguen.cl\/index.php\/wp-json\/wp\/v2\/pages\/167\/revisions\/3783"}],"wp:attachment":[{"href":"https:\/\/www.colegiovillanonguen.cl\/index.php\/wp-json\/wp\/v2\/media?parent=167"}],"curies":[{"name":"wp","href":"https:\/\/api.w.org\/{rel}","templated":true}]}}